{"id":466,"date":"2024-02-20T11:20:46","date_gmt":"2024-02-20T10:20:46","guid":{"rendered":"https:\/\/ham-wedding.fr\/?page_id=466"},"modified":"2024-12-02T12:09:43","modified_gmt":"2024-12-02T11:09:43","slug":"about","status":"publish","type":"page","link":"https:\/\/ham-wedding.fr\/?page_id=466","title":{"rendered":"a propos"},"content":{"rendered":"\t\t<div data-elementor-type=\"wp-page\" data-elementor-id=\"466\" class=\"elementor elementor-466\" data-elementor-post-type=\"page\">\n\t\t\t\t<div class=\"elementor-element elementor-element-44850b4f e-con-full e-flex e-con e-parent\" data-id=\"44850b4f\" data-element_type=\"container\" data-settings=\"{&quot;background_background&quot;:&quot;classic&quot;}\">\n\t\t<div class=\"elementor-element elementor-element-537c6905 e-con-full e-flex e-con e-child\" data-id=\"537c6905\" data-element_type=\"container\" data-settings=\"{&quot;background_background&quot;:&quot;classic&quot;}\">\n\t\t\t\t<div class=\"elementor-element elementor-element-53e2d567 elementor-invisible elementor-widget elementor-widget-image\" data-id=\"53e2d567\" data-element_type=\"widget\" data-settings=\"{&quot;_animation&quot;:&quot;fadeIn&quot;}\" data-widget_type=\"image.default\">\n\t\t\t\t<div class=\"elementor-widget-container\">\n\t\t\t\t\t\t\t\t\t\t\t\t\t\t\t<img fetchpriority=\"high\" decoding=\"async\" width=\"2560\" height=\"1707\" src=\"https:\/\/ham-wedding.fr\/wp-content\/uploads\/2024\/02\/IMG_2099-1-scaled.jpg\" class=\"attachment-full size-full wp-image-995\" alt=\"\" srcset=\"https:\/\/ham-wedding.fr\/wp-content\/uploads\/2024\/02\/IMG_2099-1-scaled.jpg 2560w, https:\/\/ham-wedding.fr\/wp-content\/uploads\/2024\/02\/IMG_2099-1-300x200.jpg 300w, https:\/\/ham-wedding.fr\/wp-content\/uploads\/2024\/02\/IMG_2099-1-1024x683.jpg 1024w, https:\/\/ham-wedding.fr\/wp-content\/uploads\/2024\/02\/IMG_2099-1-768x512.jpg 768w, https:\/\/ham-wedding.fr\/wp-content\/uploads\/2024\/02\/IMG_2099-1-1536x1024.jpg 1536w, https:\/\/ham-wedding.fr\/wp-content\/uploads\/2024\/02\/IMG_2099-1-2048x1365.jpg 2048w\" sizes=\"(max-width: 2560px) 100vw, 2560px\" \/>\t\t\t\t\t\t\t\t\t\t\t\t\t\t\t<\/div>\n\t\t\t\t<\/div>\n\t\t\t\t<\/div>\n\t\t<div class=\"elementor-element elementor-element-2513b2f e-con-full e-flex e-con e-child\" data-id=\"2513b2f\" data-element_type=\"container\">\n\t\t\t\t<div class=\"elementor-element elementor-element-4daf6c43 elementor-invisible elementor-widget elementor-widget-heading\" data-id=\"4daf6c43\" data-element_type=\"widget\" data-settings=\"{&quot;_animation&quot;:&quot;fadeIn&quot;}\" data-widget_type=\"heading.default\">\n\t\t\t\t<div class=\"elementor-widget-container\">\n\t\t\t\t\t<h1 class=\"elementor-heading-title elementor-size-default\">HAM WEDDING <\/h1>\t\t\t\t<\/div>\n\t\t\t\t<\/div>\n\t\t\t\t<div class=\"elementor-element elementor-element-2fc3393 elementor-widget elementor-widget-text-editor\" data-id=\"2fc3393\" data-element_type=\"widget\" data-widget_type=\"text-editor.default\">\n\t\t\t\t<div class=\"elementor-widget-container\">\n\t\t\t\t\t\t\t\t\t<p>Plongez au c\u0153ur de l&rsquo;univers Ham Wedding, joyau issu de l&rsquo;expertise de Ham Prod, sp\u00e9cialiste de la production cin\u00e9matographique et du marketing digital. Aux commandes, Hamza Bechta, un prodige du cin\u00e9ma, enrichit notre mission de son parcours exceptionnel : un bagage acad\u00e9mique solide en cin\u00e9ma, une exp\u00e9rience pr\u00e9cieuse acquise au sein des studios les plus renomm\u00e9s au monde, et une vocation de partager son savoir en tant que professeur des m\u00e9tiers visuels et de la communication digitale.<\/p><p>Chez Ham Wedding, la magie du cin\u00e9ma infuse chaque mariage d&rsquo;une aura spectaculaire. Guid\u00e9s par Hamza et fortifi\u00e9s par l&rsquo;engagement de notre \u00e9quipe, nous transformons votre union en un \u00e9pisode \u00e9pique, un r\u00e9cit captivant o\u00f9 chaque instant est sublim\u00e9. Embarquez avec nous pour faire de votre journ\u00e9e non seulement un moment m\u00e9morable mais une v\u00e9ritable \u0153uvre cin\u00e9matographique.<\/p>\t\t\t\t\t\t\t\t<\/div>\n\t\t\t\t<\/div>\n\t\t\t\t<\/div>\n\t\t\t\t<\/div>\n\t\t<div class=\"elementor-element elementor-element-7ca545d3 e-flex e-con-boxed e-con e-parent\" data-id=\"7ca545d3\" data-element_type=\"container\" data-settings=\"{&quot;background_background&quot;:&quot;classic&quot;}\">\n\t\t\t\t\t<div class=\"e-con-inner\">\n\t\t<div class=\"elementor-element elementor-element-34a0504 e-con-full e-flex e-con e-child\" data-id=\"34a0504\" data-element_type=\"container\" data-settings=\"{&quot;background_background&quot;:&quot;classic&quot;}\">\n\t\t\t\t<div class=\"elementor-element elementor-element-4ea556e6 elementor-view-default elementor-invisible elementor-widget elementor-widget-icon\" data-id=\"4ea556e6\" data-element_type=\"widget\" data-settings=\"{&quot;_animation&quot;:&quot;fadeIn&quot;}\" data-widget_type=\"icon.default\">\n\t\t\t\t<div class=\"elementor-widget-container\">\n\t\t\t\t\t\t\t<div class=\"elementor-icon-wrapper\">\n\t\t\t<div class=\"elementor-icon\">\n\t\t\t<svg xmlns=\"http:\/\/www.w3.org\/2000\/svg\" id=\"f512c916-4764-49f2-a8a1-f5489a2e0e46\" data-name=\"Layer 1\" width=\"42.4\" height=\"37.6\" viewBox=\"0 0 42.4 37.6\"><path d=\"M35.18,9.6Q37.38,7,42.58,7V.2q-18.2,0-18.2,20.4a85.7148,85.7148,0,0,0,1.8,17.2h16.2V22.4h-9.2V17.6Q33.18,12.2,35.18,9.6Z\" transform=\"translate(-0.1797 -0.2)\"><\/path><path d=\"M.18,20.6a87.4221,87.4221,0,0,0,2,17.2h16.2V22.4H8.98V17.6q0-5.4,2.2-8T18.58,7V.2Q.18.2.18,20.6Z\" transform=\"translate(-0.1797 -0.2)\"><\/path><\/svg>\t\t\t<\/div>\n\t\t<\/div>\n\t\t\t\t\t\t<\/div>\n\t\t\t\t<\/div>\n\t\t\t\t<div class=\"elementor-element elementor-element-5a9d9ae3 elementor-widget elementor-widget-testimonial\" data-id=\"5a9d9ae3\" data-element_type=\"widget\" data-widget_type=\"testimonial.default\">\n\t\t\t\t<div class=\"elementor-widget-container\">\n\t\t\t\t\t\t\t<div class=\"elementor-testimonial-wrapper\">\n\t\t\t\t\t\t\t<div class=\"elementor-testimonial-content\">Comme fondateur de Ham Wedding, je puise dans mon exp\u00e9rience cin\u00e9matographique pour donner vie \u00e0 l'histoire de votre mariage. Chaque d\u00e9tail est captur\u00e9 avec art et pr\u00e9cision, afin que vous puissiez revivre votre journ\u00e9e encore et encore, comme si c'\u00e9tait une sc\u00e8ne de film classique. Mon \u00e9quipe et moi sommes d\u00e9di\u00e9s \u00e0 cr\u00e9er pour vous, non seulement des souvenirs, mais des chefs-d'\u0153uvre intemporels.<\/div>\n\t\t\t\n\t\t\t\t\t\t<div class=\"elementor-testimonial-meta elementor-has-image elementor-testimonial-image-position-aside\">\n\t\t\t\t<div class=\"elementor-testimonial-meta-inner\">\n\t\t\t\t\t\t\t\t\t\t\t<div class=\"elementor-testimonial-image\">\n\t\t\t\t\t\t\t<img decoding=\"async\" width=\"2000\" height=\"2000\" src=\"https:\/\/ham-wedding.fr\/wp-content\/uploads\/2024\/02\/Noir-sur-blanc.jpg\" class=\"attachment-full size-full wp-image-760\" alt=\"\" srcset=\"https:\/\/ham-wedding.fr\/wp-content\/uploads\/2024\/02\/Noir-sur-blanc.jpg 2000w, https:\/\/ham-wedding.fr\/wp-content\/uploads\/2024\/02\/Noir-sur-blanc-300x300.jpg 300w, https:\/\/ham-wedding.fr\/wp-content\/uploads\/2024\/02\/Noir-sur-blanc-1024x1024.jpg 1024w, https:\/\/ham-wedding.fr\/wp-content\/uploads\/2024\/02\/Noir-sur-blanc-150x150.jpg 150w, https:\/\/ham-wedding.fr\/wp-content\/uploads\/2024\/02\/Noir-sur-blanc-768x768.jpg 768w, https:\/\/ham-wedding.fr\/wp-content\/uploads\/2024\/02\/Noir-sur-blanc-1536x1536.jpg 1536w\" sizes=\"(max-width: 2000px) 100vw, 2000px\" \/>\t\t\t\t\t\t<\/div>\n\t\t\t\t\t\n\t\t\t\t\t\t\t\t\t\t<div class=\"elementor-testimonial-details\">\n\t\t\t\t\t\t\t\t\t\t\t\t\t\t<div class=\"elementor-testimonial-name\">Bechta Hamza<\/div>\n\t\t\t\t\t\t\t\t\t\t\t\t\t\t\t\t\t\t\t<\/div>\n\t\t\t\t\t\t\t\t\t<\/div>\n\t\t\t<\/div>\n\t\t\t\t\t<\/div>\n\t\t\t\t\t\t<\/div>\n\t\t\t\t<\/div>\n\t\t\t\t<\/div>\n\t\t\t\t<div class=\"elementor-element elementor-element-186541c7 elementor-widget__width-initial elementor-widget-tablet__width-initial elementor-absolute elementor-invisible elementor-widget elementor-widget-spacer\" data-id=\"186541c7\" data-element_type=\"widget\" data-settings=\"{&quot;_position&quot;:&quot;absolute&quot;,&quot;_animation&quot;:&quot;slideInUp&quot;,&quot;motion_fx_motion_fx_scrolling&quot;:&quot;yes&quot;,&quot;motion_fx_translateY_effect&quot;:&quot;yes&quot;,&quot;motion_fx_translateY_affectedRange&quot;:{&quot;unit&quot;:&quot;%&quot;,&quot;size&quot;:&quot;&quot;,&quot;sizes&quot;:{&quot;start&quot;:50,&quot;end&quot;:100}},&quot;motion_fx_scale_effect&quot;:&quot;yes&quot;,&quot;motion_fx_scale_range&quot;:{&quot;unit&quot;:&quot;%&quot;,&quot;size&quot;:&quot;&quot;,&quot;sizes&quot;:{&quot;start&quot;:50,&quot;end&quot;:100}},&quot;motion_fx_translateY_speed&quot;:{&quot;unit&quot;:&quot;px&quot;,&quot;size&quot;:4,&quot;sizes&quot;:[]},&quot;motion_fx_scale_direction&quot;:&quot;out-in&quot;,&quot;motion_fx_scale_speed&quot;:{&quot;unit&quot;:&quot;px&quot;,&quot;size&quot;:4,&quot;sizes&quot;:[]},&quot;motion_fx_devices&quot;:[&quot;desktop&quot;,&quot;tablet&quot;,&quot;mobile&quot;]}\" data-widget_type=\"spacer.default\">\n\t\t\t\t<div class=\"elementor-widget-container\">\n\t\t\t\t\t\t\t<div class=\"elementor-spacer\">\n\t\t\t<div class=\"elementor-spacer-inner\"><\/div>\n\t\t<\/div>\n\t\t\t\t\t\t<\/div>\n\t\t\t\t<\/div>\n\t\t\t\t\t<\/div>\n\t\t\t\t<\/div>\n\t\t<div class=\"elementor-element elementor-element-111d869c e-flex e-con-boxed e-con e-parent\" data-id=\"111d869c\" data-element_type=\"container\" data-settings=\"{&quot;background_background&quot;:&quot;classic&quot;}\">\n\t\t\t\t\t<div class=\"e-con-inner\">\n\t\t\t\t<div class=\"elementor-element elementor-element-7239a52d elementor-invisible elementor-widget elementor-widget-heading\" data-id=\"7239a52d\" data-element_type=\"widget\" data-settings=\"{&quot;_animation&quot;:&quot;fadeIn&quot;}\" data-widget_type=\"heading.default\">\n\t\t\t\t<div class=\"elementor-widget-container\">\n\t\t\t\t\t<h2 class=\"elementor-heading-title elementor-size-default\">Nous font confiance <\/h2>\t\t\t\t<\/div>\n\t\t\t\t<\/div>\n\t\t\t\t<div class=\"elementor-element elementor-element-50dd51bd elementor-widget elementor-widget-image-carousel\" data-id=\"50dd51bd\" data-element_type=\"widget\" data-settings=\"{&quot;slides_to_show&quot;:&quot;5&quot;,&quot;slides_to_show_tablet&quot;:&quot;3&quot;,&quot;slides_to_show_mobile&quot;:&quot;2&quot;,&quot;slides_to_scroll&quot;:&quot;1&quot;,&quot;slides_to_scroll_tablet&quot;:&quot;2&quot;,&quot;slides_to_scroll_mobile&quot;:&quot;2&quot;,&quot;navigation&quot;:&quot;none&quot;,&quot;pause_on_hover&quot;:&quot;no&quot;,&quot;pause_on_interaction&quot;:&quot;no&quot;,&quot;autoplay_speed&quot;:&quot;3000&quot;,&quot;autoplay&quot;:&quot;yes&quot;,&quot;infinite&quot;:&quot;yes&quot;,&quot;speed&quot;:500}\" data-widget_type=\"image-carousel.default\">\n\t\t\t\t<div class=\"elementor-widget-container\">\n\t\t\t\t\t\t\t<div class=\"elementor-image-carousel-wrapper swiper\" role=\"region\" aria-roledescription=\"carousel\" aria-label=\"Carrousel d\u2019images\" dir=\"ltr\">\n\t\t\t<div class=\"elementor-image-carousel swiper-wrapper\" aria-live=\"off\">\n\t\t\t\t\t\t\t\t<div class=\"swiper-slide\" role=\"group\" aria-roledescription=\"slide\" aria-label=\"1 sur 9\"><figure class=\"swiper-slide-inner\"><img decoding=\"async\" class=\"swiper-slide-image\" src=\"https:\/\/ham-wedding.fr\/wp-content\/uploads\/2024\/12\/logo-YN-2.png\" alt=\"logo YN 2\" \/><\/figure><\/div><div class=\"swiper-slide\" role=\"group\" aria-roledescription=\"slide\" aria-label=\"2 sur 9\"><figure class=\"swiper-slide-inner\"><img decoding=\"async\" class=\"swiper-slide-image\" src=\"https:\/\/ham-wedding.fr\/wp-content\/uploads\/2024\/02\/as-deatured-in-logo3.svg\" alt=\"as-deatured-in-logo3.svg\" \/><\/figure><\/div><div class=\"swiper-slide\" role=\"group\" aria-roledescription=\"slide\" aria-label=\"3 sur 9\"><figure class=\"swiper-slide-inner\"><img decoding=\"async\" class=\"swiper-slide-image\" src=\"https:\/\/ham-wedding.fr\/wp-content\/uploads\/2024\/02\/as-deatured-in-logo1.svg\" alt=\"as-deatured-in-logo1.svg\" \/><\/figure><\/div><div class=\"swiper-slide\" role=\"group\" aria-roledescription=\"slide\" aria-label=\"4 sur 9\"><figure class=\"swiper-slide-inner\"><img decoding=\"async\" class=\"swiper-slide-image\" src=\"https:\/\/ham-wedding.fr\/wp-content\/uploads\/2024\/02\/Logoo-1.png\" alt=\"Logoo (1)\" \/><\/figure><\/div><div class=\"swiper-slide\" role=\"group\" aria-roledescription=\"slide\" aria-label=\"5 sur 9\"><figure class=\"swiper-slide-inner\"><img decoding=\"async\" class=\"swiper-slide-image\" src=\"https:\/\/ham-wedding.fr\/wp-content\/uploads\/2024\/02\/as-deatured-in-logo6.svg\" alt=\"as-deatured-in-logo6.svg\" \/><\/figure><\/div><div class=\"swiper-slide\" role=\"group\" aria-roledescription=\"slide\" aria-label=\"6 sur 9\"><figure class=\"swiper-slide-inner\"><img decoding=\"async\" class=\"swiper-slide-image\" src=\"https:\/\/ham-wedding.fr\/wp-content\/uploads\/2024\/02\/as-deatured-in-logo2.svg\" alt=\"as-deatured-in-logo2.svg\" \/><\/figure><\/div><div class=\"swiper-slide\" role=\"group\" aria-roledescription=\"slide\" aria-label=\"7 sur 9\"><figure class=\"swiper-slide-inner\"><img decoding=\"async\" class=\"swiper-slide-image\" src=\"https:\/\/ham-wedding.fr\/wp-content\/uploads\/2024\/12\/deen-ami-logo.png\" alt=\"deen ami logo\" \/><\/figure><\/div><div class=\"swiper-slide\" role=\"group\" aria-roledescription=\"slide\" aria-label=\"8 sur 9\"><figure class=\"swiper-slide-inner\"><img decoding=\"async\" class=\"swiper-slide-image\" src=\"https:\/\/ham-wedding.fr\/wp-content\/uploads\/2024\/02\/as-deatured-in-logo4.svg\" alt=\"as-deatured-in-logo4.svg\" \/><\/figure><\/div><div class=\"swiper-slide\" role=\"group\" aria-roledescription=\"slide\" aria-label=\"9 sur 9\"><figure class=\"swiper-slide-inner\"><img decoding=\"async\" class=\"swiper-slide-image\" src=\"https:\/\/ham-wedding.fr\/wp-content\/uploads\/2024\/12\/Logoo-1.png\" alt=\"Logoo (1)\" \/><\/figure><\/div>\t\t\t<\/div>\n\t\t\t\t\t\t\t\n\t\t\t\t\t\t\t\t\t<\/div>\n\t\t\t\t\t\t<\/div>\n\t\t\t\t<\/div>\n\t\t\t\t\t<\/div>\n\t\t\t\t<\/div>\n\t\t<div class=\"elementor-element elementor-element-3e26f69d e-con-full e-flex e-con e-parent\" data-id=\"3e26f69d\" data-element_type=\"container\" data-settings=\"{&quot;background_background&quot;:&quot;classic&quot;}\">\n\t\t<div class=\"elementor-element elementor-element-2e5f8f16 e-con-full e-flex e-con e-child\" data-id=\"2e5f8f16\" data-element_type=\"container\">\n\t\t\t\t<div class=\"elementor-element elementor-element-c0fe99f elementor-invisible elementor-widget elementor-widget-heading\" data-id=\"c0fe99f\" data-element_type=\"widget\" data-settings=\"{&quot;_animation&quot;:&quot;fadeIn&quot;}\" data-widget_type=\"heading.default\">\n\t\t\t\t<div class=\"elementor-widget-container\">\n\t\t\t\t\t<h2 class=\"elementor-heading-title elementor-size-default\">Contactez-nous <\/h2>\t\t\t\t<\/div>\n\t\t\t\t<\/div>\n\t\t\t\t<div class=\"elementor-element elementor-element-5bd93e elementor-widget__width-initial elementor-widget-mobile__width-inherit elementor-widget elementor-widget-text-editor\" data-id=\"5bd93e\" data-element_type=\"widget\" data-widget_type=\"text-editor.default\">\n\t\t\t\t<div class=\"elementor-widget-container\">\n\t\t\t\t\t\t\t\t\t<p>Laissez-nous un petit mot, et nous nous ferons un plaisir de r\u00e9pondre \u00e0 toutes vos questions. Chez Ham Wedding, chaque d\u00e9tail compte et chaque interrogation trouve sa r\u00e9ponse. \u00c9crivez-nous, et ensemble, pr\u00e9parons le terrain pour que votre film de mariage soit aussi unique et sp\u00e9cial que votre histoire d&rsquo;amour.<\/p>\t\t\t\t\t\t\t\t<\/div>\n\t\t\t\t<\/div>\n\t\t\t\t<div class=\"elementor-element elementor-element-46782ba7 elementor-align-center elementor-widget elementor-widget-button\" data-id=\"46782ba7\" data-element_type=\"widget\" data-widget_type=\"button.default\">\n\t\t\t\t<div class=\"elementor-widget-container\">\n\t\t\t\t\t\t\t\t\t<div class=\"elementor-button-wrapper\">\n\t\t\t\t\t<a class=\"elementor-button elementor-button-link elementor-size-sm elementor-animation-hang\" href=\"https:\/\/ham-wedding.fr\/?page_id=491\">\n\t\t\t\t\t\t<span class=\"elementor-button-content-wrapper\">\n\t\t\t\t\t\t\t\t\t<span class=\"elementor-button-text\">Contact Ham Wedding <\/span>\n\t\t\t\t\t<\/span>\n\t\t\t\t\t<\/a>\n\t\t\t\t<\/div>\n\t\t\t\t\t\t\t\t<\/div>\n\t\t\t\t<\/div>\n\t\t\t\t<\/div>\n\t\t\t\t<div class=\"elementor-element elementor-element-16f0825 elementor-hidden-desktop elementor-hidden-tablet elementor-widget elementor-widget-image\" data-id=\"16f0825\" data-element_type=\"widget\" data-widget_type=\"image.default\">\n\t\t\t\t<div class=\"elementor-widget-container\">\n\t\t\t\t\t\t\t\t\t\t\t\t\t\t\t<img decoding=\"async\" width=\"1024\" height=\"672\" src=\"https:\/\/ham-wedding.fr\/wp-content\/uploads\/2024\/02\/6B9A0319-1024x672.jpeg\" class=\"attachment-large size-large wp-image-697\" alt=\"\" srcset=\"https:\/\/ham-wedding.fr\/wp-content\/uploads\/2024\/02\/6B9A0319-1024x672.jpeg 1024w, https:\/\/ham-wedding.fr\/wp-content\/uploads\/2024\/02\/6B9A0319-300x197.jpeg 300w, https:\/\/ham-wedding.fr\/wp-content\/uploads\/2024\/02\/6B9A0319-768x504.jpeg 768w, https:\/\/ham-wedding.fr\/wp-content\/uploads\/2024\/02\/6B9A0319-1536x1007.jpeg 1536w, https:\/\/ham-wedding.fr\/wp-content\/uploads\/2024\/02\/6B9A0319-2048x1343.jpeg 2048w\" sizes=\"(max-width: 1024px) 100vw, 1024px\" \/>\t\t\t\t\t\t\t\t\t\t\t\t\t\t\t<\/div>\n\t\t\t\t<\/div>\n\t\t<div class=\"elementor-element elementor-element-59d41d1c e-con-full elementor-hidden-mobile e-flex e-con e-child\" data-id=\"59d41d1c\" data-element_type=\"container\" data-settings=\"{&quot;background_background&quot;:&quot;classic&quot;}\">\n\t\t\t\t<\/div>\n\t\t\t\t<\/div>\n\t\t\t\t<\/div>\n\t\t","protected":false},"excerpt":{"rendered":"<p>HAM WEDDING Plongez au c\u0153ur de l&rsquo;univers Ham Wedding, joyau issu de l&rsquo;expertise de Ham Prod, sp\u00e9cialiste de la production cin\u00e9matographique et du marketing digital. Aux commandes, Hamza Bechta, un prodige du cin\u00e9ma, enrichit notre mission de son parcours exceptionnel : un bagage acad\u00e9mique solide en cin\u00e9ma, une exp\u00e9rience pr\u00e9cieuse acquise au sein des studios [&hellip;]<\/p>\n","protected":false},"author":1,"featured_media":0,"parent":0,"menu_order":0,"comment_status":"closed","ping_status":"closed","template":"elementor_header_footer","meta":{"footnotes":""},"_links":{"self":[{"href":"https:\/\/ham-wedding.fr\/index.php?rest_route=\/wp\/v2\/pages\/466"}],"collection":[{"href":"https:\/\/ham-wedding.fr\/index.php?rest_route=\/wp\/v2\/pages"}],"about":[{"href":"https:\/\/ham-wedding.fr\/index.php?rest_route=\/wp\/v2\/types\/page"}],"author":[{"embeddable":true,"href":"https:\/\/ham-wedding.fr\/index.php?rest_route=\/wp\/v2\/users\/1"}],"replies":[{"embeddable":true,"href":"https:\/\/ham-wedding.fr\/index.php?rest_route=%2Fwp%2Fv2%2Fcomments&post=466"}],"version-history":[{"count":40,"href":"https:\/\/ham-wedding.fr\/index.php?rest_route=\/wp\/v2\/pages\/466\/revisions"}],"predecessor-version":[{"id":1361,"href":"https:\/\/ham-wedding.fr\/index.php?rest_route=\/wp\/v2\/pages\/466\/revisions\/1361"}],"wp:attachment":[{"href":"https:\/\/ham-wedding.fr\/index.php?rest_route=%2Fwp%2Fv2%2Fmedia&parent=466"}],"curies":[{"name":"wp","href":"https:\/\/api.w.org\/{rel}","templated":true}]}}